{"id":307,"date":"2021-07-07T19:02:27","date_gmt":"2021-07-07T17:02:27","guid":{"rendered":"http:\/\/mcc-expert.de\/?page_id=307"},"modified":"2022-11-07T17:47:14","modified_gmt":"2022-11-07T15:47:14","slug":"vorsorgeuntersuchungen","status":"publish","type":"page","link":"https:\/\/mcc-expert.com\/en\/vorsorgeuntersuchungen\/","title":{"rendered":"Vorsorgeuntersuchungen"},"content":{"rendered":"<p><a href=\"http:\/\/mcc-expert.de\/unsere-leistungen\/\" role=\"button\"><br \/>\n\t\t\t\t\t\tback<br \/>\n\t\t\t\t\t<\/a><\/p>\n<h2>Preventive Examination<\/h2>\n<p>For further information, please select the relevant service.<\/p>\n<p class=\"translation-block\">Use our <a href=\"http:\/\/mcc-expert.de\/termin-vereinbaren\/\" target=\"_self\">Online-Service<\/a> to make an appointment and specify the service you require.<\/p>\n<p>\t\t\t\t\t\t\t\t\t\t\t\t\t\t\t<img decoding=\"async\" src=\"https:\/\/mcc-expert.com\/wp-content\/uploads\/elementor\/thumbs\/stethoscope-3075838_1280-p9s9n813z3e88pbu4eq6xavy5fm3mg6bmgfro91uj4.jpg\" title=\"stethoscope-3075838_1280\" alt=\"stethoscope-3075838_1280\" \/><br \/>\n\t\t\t\t\t\t\t\t\t\t\t\t<a href=\"\">DMP &#8211; Disease Management Programme<\/a><\/p>\n<p>The \"Disease Management Program\" DMP for short, in German \"Programs for the Treatment of Diseases\" are offered by the statutory health insurance for some chronic diseases. These include coronary heart disease (CHD) and type II diabetes mellitus. We offer both programs in our practice. These programs enable us to provide you with even more intensive medical support. This gives us the opportunity to examine you at shorter intervals in order to be able to discover impending deterioration as quickly as possible.<\/p>\n<p>\t\t\t\t\t\t\t\t\t\t\t\t<a href=\"\">Health Check (from 35 years)<\/a><\/p>\n<p>From the age of 35 you are entitled to a health check-up every three years for the early detection of kidney, cardiovascular diseases and type II diabetes mellitus, for example ) and a urine strip test. In addition, you will be asked a doctor about your state of health and previous findings.<\/p>\n<ul>\n<li class=\"translation-block\">Since autumn 2021 you will also have a <strong>one-off entitlement<\/strong> to a screening to detect a hepatitis B and hepatitis C virus infection. This should enable undetected infections to be detected and treated at an early stage in order to prevent long-term effects.<\/li>\n<\/ul>\n<p><a href=\"https:\/\/mcc-expert.com\/wp-content\/uploads\/2022\/11\/CheckUp_Flyer.pdf\">Informationsflyer der KBV zum Thema Vorsorgeleistungen<\/a><\/p>\n<p><strong>Support us:<\/strong><\/p>\n<p class=\"translation-block\">Fill out the <a href=\"https:\/\/praxisdreisert-m-v96w37u0wg.live-website.com\/wp-content\/uploads\/2022\/03\/Doc_Check_Up_Untersuchung.pdf\" target=\"_blank\" rel=\"noopener\">health form<\/a> for the check-up examination at home and bring it with you to the examination.<\/p>\n<p>\t\t\t\t\t\t\t\t\t\t\t\t<a href=\"\">Early Detection Of Skin Cancer (from 35 years)<\/a><\/p>\n<p>From the age of 35, you are entitled to a skin cancer check-up every 2 years. Birthmarks and skin changes are examined in order to identify signs of cancer in good time.<\/p>\n<p>\t\t\t\t\t\t\t\t\t\t\t\t<a href=\"\">Vaccinations<\/a><\/p>\n<p>Vaccinations are a particularly important preventive measure against serious illnesses. Most of the vaccinations are covered by health insurance companies. Only travel vaccinations and a few special vaccinations have to be borne by the patients themselves.<\/p>\n<ul>\n<li><a href=\"https:\/\/www.impfen-info.de\/impfempfehlungen\/fuer-kinder-0-12-jahre.html\">STIKO vaccination recommendation for children (0-12 years)<\/a><\/li>\n<li><a href=\"https:\/\/www.impfen-info.de\/impfempfehlungen\/fuer-jugendliche-12-17-jahre.html\">STIKO vaccination recommendation for teenagers (12-17 years)<\/a><\/li>\n<li><a href=\"https:\/\/www.impfen-info.de\/impfempfehlungen\/fuer-erwachsene.html\">STIKO vaccination recommendation for adult<\/a><\/li>\n<li><a href=\"https:\/\/www.impfen-info.de\/impfempfehlungen\/schwangere.html\">STIKO vaccination recommendation for pregnant women<\/a><\/li>\n<\/ul>\n<p>STIKO = Standing vaccination committee<\/p>\n<p><a href=\"https:\/\/mcc-expert.com\/wp-content\/uploads\/2022\/11\/Impfen_Flyer.pdf\">Informationsflyer der KBV<\/a><\/p>\n<p class=\"translation-block\">You will receive comprehensive advice from us during a consultation. In addition, some vaccinations should be refreshed regularly. If you are unsure about your vaccination status, just talk to us. It is best to use our <a href=\"http:\/\/mcc-expert.de\/impftermin-vereinbaren\/\" target=\"_self\">online-form<\/a> to make an appointment. If you can no longer find your vaccination certificate, you can get a new one when you visit the practice for a fee of 2 \u20ac.<\/p>\n<p>Our team also advises you on the topics of travel medicine and travel vaccinations. Before you travel, find out what the requirements of the destination country are.<\/p>\n<p><strong>Covid19-Impfung:<\/strong> Aktuelle Informationen zu unserem Impfangebot erhalten Sie direkt im <a href=\"https:\/\/mcc-expert.com\/en\/impftermin\/\">Online-Service<\/a>.<\/p>\n<p>\t\t\t\t\t\t\t\t\t\t\t\t<a href=\"\">Youth Occupational Health And Safety Investigation<\/a><\/p>\n<p>This examination is compulsory if a person between the ages of 15 and 18 wants to start a job, e.g. an apprenticeship. A medical interview and a physical examination are used to check whether the desired activity could negatively affect the development of the young person. The corresponding certificate must then be presented to the employer.<\/p>\n<p class=\"translation-block\">The costs for this examination will be covered. Please print out the <a href=\"http:\/\/mcc-expert.de\/wp-content\/uploads\/2021\/07\/Jugendschutz-ERSTuntersuchung-Erhebungsbogen.pdf\" target=\"_self\">questionnaire<\/a> before the appointment and bring it with you.<\/p>\n<p>\t\t\t\t\t\t\t\t\t\t\t\t<a href=\"\">Youth Check-Up J1<\/a><\/p>\n<p>In the J1 youth check-up, both the health status and the social situation in which the young people grow up are assessed diagnostically. The aim is to identify health risks as well as signs of mental illness at an early stage in order to avoid long-term consequences.<\/p>\n<p>The J1 youth check-up is fully covered by the health insurance companies.<br \/>Weitere Informationen gibt der <a href=\"https:\/\/mcc-expert.com\/wp-content\/uploads\/2022\/11\/Vorsorge-J1_Flyer.pdf\">Flyer zur Jugendvorsorge<\/a> der KBV.<\/p>\n<p>\t\t\t\t\t\t\t\t\t\t\t\t<a href=\"\">Cancer Screening For Men (from 45 years)<\/a><\/p>\n<p>From the age of 45 you can have a preventive examination for prostate cancer every year. In addition, the lymph nodes are palpated and a urine test is carried out.<\/p>\n<h2>Contact<\/h2>\n<ul>\n<li>\n\t\t\t\t\t\t\t\t\t\tMEDICAL CARE CENTER <br \/> Dr. Ortwin Eisert <br \/> Eberst\u00e4dter Str. 5b <br \/> 64367 M\u00fchltal\n\t\t\t\t\t\t\t\t\t<\/li>\n<li>\n\t\t\t\t\t\t\t\t\t\t+49 6151 14357\n\t\t\t\t\t\t\t\t\t<\/li>\n<li>\n\t\t\t\t\t\t\t\t\t\t+49 6151 144854\n\t\t\t\t\t\t\t\t\t<\/li>\n<li>\n\t\t\t\t\t\t\t\t\t\toffice@mcc-expert.com\n\t\t\t\t\t\t\t\t\t<\/li>\n<li>\n\t\t\t\t\t\t\t\t\t\t\t<a href=\"http:\/\/mcc-expert.de\/online-services\/\"><br \/>\n\t\t\t\t\t\t\t\t\t\tOnline-Services<br \/>\n\t\t\t\t\t\t\t\t\t\t\t<\/a>\n\t\t\t\t\t\t\t\t\t<\/li>\n<\/ul>\n<h2>Office Hours<\/h2>\n<p>\t\t\n<div class=\"wpdt-c row wpDataTableContainerSimpleTable wpDataTables wpDataTablesWrapper\"\n    >\n        <table id=\"wpdtSimpleTable-1\"\n           style=\"border-collapse:collapse;                   border-spacing:0px;\"\n           class=\"wpdtSimpleTable wpDataTable\"\n           data-column=\"2\"\n           data-rows=\"5\"\n           data-wpid=\"1\"\n           data-responsive=\"0\"\n           data-has-header=\"0\">\n\n                    <tbody>        <tr class=\"wpdt-cell-row\" >\n                                <td class=\"wpdt-cell wpdt-bold wpdt-tc-FFFFFF wpdt-bc-171B1E wpdt-align-left\"\n                                            data-cell-id=\"A1\"\n                    data-col-index=\"0\"\n                    data-row-index=\"0\"\n                    style=\" width:50%;                    padding:6px;                    \"\n                    >\n                                        Mo.                    <\/td>\n                                                <td class=\"wpdt-cell wpdt-tc-FFFFFF wpdt-bc-171B1E wpdt-align-left\"\n                                            data-cell-id=\"B1\"\n                    data-col-index=\"1\"\n                    data-row-index=\"0\"\n                    style=\" width:50%;                    padding:6px;                    \"\n                    >\n                                        08:30 - 13:00 Uhr                    <\/td>\n                                        <\/tr>\n                            <tr class=\"wpdt-cell-row\" >\n                                <td class=\"wpdt-cell wpdt-bold wpdt-tc-FFFFFF wpdt-bc-171B1E wpdt-align-left\"\n                                            data-cell-id=\"A2\"\n                    data-col-index=\"0\"\n                    data-row-index=\"1\"\n                    style=\"                    padding:6px;                    \"\n                    >\n                                        Di.                    <\/td>\n                                                <td class=\"wpdt-cell wpdt-tc-FFFFFF wpdt-bc-171B1E wpdt-align-left\"\n                                            data-cell-id=\"B2\"\n                    data-col-index=\"1\"\n                    data-row-index=\"1\"\n                    style=\"                    padding:6px;                    \"\n                    >\n                                        08:30 - 13:00 Uhr                    <\/td>\n                                        <\/tr>\n                            <tr class=\"wpdt-cell-row\" >\n                                <td class=\"wpdt-cell wpdt-bold wpdt-tc-FFFFFF wpdt-bc-171B1E wpdt-align-left\"\n                                            data-cell-id=\"A3\"\n                    data-col-index=\"0\"\n                    data-row-index=\"2\"\n                    style=\"                    padding:6px;                    \"\n                    >\n                                        Mi.                    <\/td>\n                                                <td class=\"wpdt-cell wpdt-tc-FFFFFF wpdt-bc-171B1E wpdt-align-left\"\n                                            data-cell-id=\"B3\"\n                    data-col-index=\"1\"\n                    data-row-index=\"2\"\n                    style=\"                    padding:6px;                    \"\n                    >\n                                        08:30 - 12:00 Uhr                    <\/td>\n                                        <\/tr>\n                            <tr class=\"wpdt-cell-row\" >\n                                <td class=\"wpdt-cell wpdt-bold wpdt-tc-FFFFFF wpdt-bc-171B1E wpdt-align-left\"\n                                            data-cell-id=\"A4\"\n                    data-col-index=\"0\"\n                    data-row-index=\"3\"\n                    style=\"                    padding:6px;                    \"\n                    >\n                                        Do.                    <\/td>\n                                                <td class=\"wpdt-cell wpdt-tc-FFFFFF wpdt-bc-171B1E wpdt-align-left\"\n                                            data-cell-id=\"B4\"\n                    data-col-index=\"1\"\n                    data-row-index=\"3\"\n                    style=\"                    padding:6px;                    \"\n                    >\n                                        08:30 - 13:00 Uhr 16:00 - 17:00 Uhr                    <\/td>\n                                        <\/tr>\n                            <tr class=\"wpdt-cell-row\" >\n                                <td class=\"wpdt-cell wpdt-bold wpdt-tc-FFFFFF wpdt-bc-171B1E wpdt-align-left\"\n                                            data-cell-id=\"A5\"\n                    data-col-index=\"0\"\n                    data-row-index=\"4\"\n                    style=\"                    padding:6px;                    \"\n                    >\n                                        Fr.                    <\/td>\n                                                <td class=\"wpdt-cell wpdt-tc-FFFFFF wpdt-bc-171B1E wpdt-align-left\"\n                                            data-cell-id=\"B5\"\n                    data-col-index=\"1\"\n                    data-row-index=\"4\"\n                    style=\"                    padding:6px;                    \"\n                    >\n                                        08:30 - 12:00 Uhr                    <\/td>\n                                        <\/tr>\n                    <\/table>\n<\/div><style id='wpdt-custom-style-1'>\n.wpDataTablesWrapper table.wpDataTable > tbody > tr > td{ border: none !important; }\n.wpDataTablesWrapper table.wpDataTable > thead > tr > th{ border: none !important; }\n.wpdt-tc-FFFFFF { color: #FFFFFF !important;}\n.wpdt-bc-171B1E { background-color: #171B1E !important;}\n<\/style>\n<style>\n                    \n                                                \n                \/* pagination background color *\/\n    .wpDataTablesWrapper .dataTables_paginate {\n        background-color:#00000000 !important;\n    }\n        <\/style>\n<br \/>\n\t\t\t<iframe frameborder=\"0\" scrolling=\"no\" marginheight=\"0\" marginwidth=\"0\"\n\t\t\t\t\tsrc=\"https:\/\/maps.google.com\/maps?q=Eberst%C3%A4dter%20Str.%205b%2C%2064367%20M%C3%BChltal&#038;t=m&#038;z=15&#038;output=embed&#038;iwloc=near\"\n\t\t\t\t\ttitle=\"Eberst\u00e4dter Str. 5b, 64367 M\u00fchltal\"\n\t\t\t\t\taria-label=\"Eberst\u00e4dter Str. 5b, 64367 M\u00fchltal\"\n\t\t\t><\/iframe><\/p>\n<p>\u00a9 2022, Dr. Ortwin Eisert.<\/p>\n<ul>\n<li>\n\t\t\t\t\t\t\t\t\t\t\t<a href=\"http:\/\/mcc-expert.de\/datenschutzerklaerung\/\"><br \/>\n\t\t\t\t\t\t\t\t\t\t\tPrivacy Policy<br \/>\n\t\t\t\t\t\t\t\t\t\t\t<\/a>\n\t\t\t\t\t\t\t\t\t<\/li>\n<li>\n\t\t\t\t\t\t\t\t\t\t\t<a href=\"http:\/\/mcc-expert.de\/impressum\/\"><br \/>\n\t\t\t\t\t\t\t\t\t\t\tImprint<br \/>\n\t\t\t\t\t\t\t\t\t\t\t<\/a>\n\t\t\t\t\t\t\t\t\t<\/li>\n<li>\n\t\t\t\t\t\t\t\t\t\t\t<a href=\"http:\/\/mcc-expert.de\/unsere-praxis\/\"><br \/>\n\t\t\t\t\t\t\t\t\t\t\tJob Offer<br \/>\n\t\t\t\t\t\t\t\t\t\t\t<\/a>\n\t\t\t\t\t\t\t\t\t<\/li>\n<\/ul>","protected":false},"excerpt":{"rendered":"<p>zur\u00fcck Vorsorge-Untersuchungen F\u00fcr weitergehende Informationen w\u00e4hlen Sie die entsprechende Leistung aus. Nutzen Sie zur Terminvereinbarung unseren Online-Service und geben Sie die gew\u00fcnschte Leistung mit an. DMP &#8211; Disease Management Programme Die &#8222;Disease Management Programme&#8220; kurz DMP, zu Deutsch &#8222;Programme zur Behandlung von Krankheiten&#8220; werden von der gesetzlichen Krankenkasse f\u00fcr einige chronische Erkrankungen angeboten. Dazu geh\u00f6ren\u00a0 [&hellip;]<\/p>\n","protected":false},"author":1,"featured_media":0,"parent":0,"menu_order":0,"comment_status":"closed","ping_status":"closed","template":"","meta":{"ocean_post_layout":"full-screen","ocean_both_sidebars_style":"","ocean_both_sidebars_content_width":0,"ocean_both_sidebars_sidebars_width":0,"ocean_sidebar":"0","ocean_second_sidebar":"0","ocean_disable_margins":"enable","ocean_add_body_class":"","ocean_shortcode_before_top_bar":"","ocean_shortcode_after_top_bar":"","ocean_shortcode_before_header":"","ocean_shortcode_after_header":"","ocean_has_shortcode":"","ocean_shortcode_after_title":"","ocean_shortcode_before_footer_widgets":"","ocean_shortcode_after_footer_widgets":"","ocean_shortcode_before_footer_bottom":"","ocean_shortcode_after_footer_bottom":"","ocean_display_top_bar":"off","ocean_display_header":"default","ocean_header_style":"","ocean_center_header_left_menu":"0","ocean_custom_header_template":"0","ocean_custom_logo":0,"ocean_custom_retina_logo":0,"ocean_custom_logo_max_width":0,"ocean_custom_logo_tablet_max_width":0,"ocean_custom_logo_mobile_max_width":0,"ocean_custom_logo_max_height":0,"ocean_custom_logo_tablet_max_height":0,"ocean_custom_logo_mobile_max_height":0,"ocean_header_custom_menu":"0","ocean_menu_typo_font_family":"0","ocean_menu_typo_font_subset":"","ocean_menu_typo_font_size":0,"ocean_menu_typo_font_size_tablet":0,"ocean_menu_typo_font_size_mobile":0,"ocean_menu_typo_font_size_unit":"px","ocean_menu_typo_font_weight":"","ocean_menu_typo_font_weight_tablet":"","ocean_menu_typo_font_weight_mobile":"","ocean_menu_typo_transform":"","ocean_menu_typo_transform_tablet":"","ocean_menu_typo_transform_mobile":"","ocean_menu_typo_line_height":0,"ocean_menu_typo_line_height_tablet":0,"ocean_menu_typo_line_height_mobile":0,"ocean_menu_typo_line_height_unit":"","ocean_menu_typo_spacing":0,"ocean_menu_typo_spacing_tablet":0,"ocean_menu_typo_spacing_mobile":0,"ocean_menu_typo_spacing_unit":"","ocean_menu_link_color":"","ocean_menu_link_color_hover":"","ocean_menu_link_color_active":"","ocean_menu_link_background":"","ocean_menu_link_hover_background":"","ocean_menu_link_active_background":"","ocean_menu_social_links_bg":"","ocean_menu_social_hover_links_bg":"","ocean_menu_social_links_color":"","ocean_menu_social_hover_links_color":"","ocean_disable_title":"on","ocean_disable_heading":"default","ocean_post_title":"","ocean_post_subheading":"","ocean_post_title_style":"","ocean_post_title_background_color":"","ocean_post_title_background":0,"ocean_post_title_bg_image_position":"","ocean_post_title_bg_image_attachment":"","ocean_post_title_bg_image_repeat":"","ocean_post_title_bg_image_size":"","ocean_post_title_height":0,"ocean_post_title_bg_overlay":0.5,"ocean_post_title_bg_overlay_color":"","ocean_disable_breadcrumbs":"default","ocean_breadcrumbs_color":"","ocean_breadcrumbs_separator_color":"","ocean_breadcrumbs_links_color":"","ocean_breadcrumbs_links_hover_color":"","ocean_display_footer_widgets":"off","ocean_display_footer_bottom":"off","ocean_custom_footer_template":"0","footnotes":""},"class_list":["post-307","page","type-page","status-publish","hentry","entry"],"_links":{"self":[{"href":"https:\/\/mcc-expert.com\/en\/wp-json\/wp\/v2\/pages\/307","targetHints":{"allow":["GET"]}}],"collection":[{"href":"https:\/\/mcc-expert.com\/en\/wp-json\/wp\/v2\/pages"}],"about":[{"href":"https:\/\/mcc-expert.com\/en\/wp-json\/wp\/v2\/types\/page"}],"author":[{"embeddable":true,"href":"https:\/\/mcc-expert.com\/en\/wp-json\/wp\/v2\/users\/1"}],"replies":[{"embeddable":true,"href":"https:\/\/mcc-expert.com\/en\/wp-json\/wp\/v2\/comments?post=307"}],"version-history":[{"count":167,"href":"https:\/\/mcc-expert.com\/en\/wp-json\/wp\/v2\/pages\/307\/revisions"}],"predecessor-version":[{"id":3372,"href":"https:\/\/mcc-expert.com\/en\/wp-json\/wp\/v2\/pages\/307\/revisions\/3372"}],"wp:attachment":[{"href":"https:\/\/mcc-expert.com\/en\/wp-json\/wp\/v2\/media?parent=307"}],"curies":[{"name":"wp","href":"https:\/\/api.w.org\/{rel}","templated":true}]}}