{"id":305,"date":"2021-07-07T19:01:45","date_gmt":"2021-07-07T17:01:45","guid":{"rendered":"http:\/\/mcc-expert.de\/?page_id=305"},"modified":"2022-08-30T12:49:27","modified_gmt":"2022-08-30T10:49:27","slug":"allgemeine-leistungen","status":"publish","type":"page","link":"https:\/\/mcc-expert.com\/en\/allgemeine-leistungen\/","title":{"rendered":"General Services"},"content":{"rendered":"<p><a href=\"http:\/\/mcc-expert.de\/unsere-leistungen\/\" role=\"button\"><br \/>\n\t\t\t\t\t\tback<br \/>\n\t\t\t\t\t<\/a><\/p>\n<h2>General Services<\/h2>\n<p>For further information, please select the relevant service.<\/p>\n<p class=\"translation-block\">Use our <a href=\"http:\/\/mcc-expert.de\/termin-vereinbaren\/\" target=\"_self\">Online-Service<\/a> to make an appointment and specify the service you require.<\/p>\n<p>\t\t\t\t\t\t\t\t\t\t\t\t\t\t\t<img decoding=\"async\" width=\"150\" height=\"300\" src=\"https:\/\/mcc-expert.com\/wp-content\/uploads\/2021\/07\/boy-2027615_1280-150x300.png\" alt=\"\" loading=\"lazy\" srcset=\"https:\/\/mcc-expert.com\/wp-content\/uploads\/2021\/07\/boy-2027615_1280-150x300.png 150w, https:\/\/mcc-expert.com\/wp-content\/uploads\/2021\/07\/boy-2027615_1280-512x1024.png 512w, https:\/\/mcc-expert.com\/wp-content\/uploads\/2021\/07\/boy-2027615_1280.png 640w\" sizes=\"auto, (max-width: 150px) 100vw, 150px\" \/><br \/>\n\t\t\t\t\t\t\t\t\t\t\t\t<a href=\"\">Consultation Hour<\/a><\/p>\n<p class=\"translation-block\">We want to avoid long waiting times. We therefore ask you to make an appointment using our <a href=\"http:\/\/mcc-expert.de\/termin-vereinbaren\/\" target=\"_self\">Online-Service<\/a>. In urgent cases you can also contact us on 06151-14357. Please understand if there are delays due to emergencies.<\/p>\n<p>If it is a <strong>life-threatening emergency<\/strong>, please call <strong>112<\/strong>!<\/p>\n<p><strong><strong>Please keep your insurance card in mind when you visit the doctor.<\/strong><\/strong><\/p>\n<p>\t\t\t\t\t\t\t\t\t\t\t\t<a href=\"\">Home Visits<\/a><\/p>\n<p>If you are not able to come to the practice on your own, we will of course make house calls. Please register a required home visit in good time. To do this, share the complaints and their duration. A blood sample and a vaccination can also be carried out during a home visit. In consultation with Dr. med. Ortwin Eisert it is decided whether a home visit can be carried out. Please understand that not all examinations can be carried out at home (e.g. EKG, ultrasound, etc.).<\/p>\n<p>\t\t\t\t\t\t\t\t\t\t\t\t<a href=\"\">Medicine For People With Disabilities<\/a><\/p>\n<p>In over 17 years as a senior physician at Nieder-Ramst\u00e4dter Diakonie, Dr. med. Ortwin Eisert has gained a wealth of experience in the treatment, interaction and communication with people with intellectual and multiple disabilities. The practice team is sensitized to the sometimes challenging living conditions of the patient and is available to advise on all health issues.<\/p>\n<h2>Contact<\/h2>\n<ul>\n<li>\n\t\t\t\t\t\t\t\t\t\tMEDICAL CARE CENTER <br \/> Dr. Ortwin Eisert <br \/> Eberst\u00e4dter Str. 5b <br \/> 64367 M\u00fchltal\n\t\t\t\t\t\t\t\t\t<\/li>\n<li>\n\t\t\t\t\t\t\t\t\t\t+49 6151 14357\n\t\t\t\t\t\t\t\t\t<\/li>\n<li>\n\t\t\t\t\t\t\t\t\t\t+49 6151 144854\n\t\t\t\t\t\t\t\t\t<\/li>\n<li>\n\t\t\t\t\t\t\t\t\t\toffice@mcc-expert.com\n\t\t\t\t\t\t\t\t\t<\/li>\n<li>\n\t\t\t\t\t\t\t\t\t\t\t<a href=\"http:\/\/mcc-expert.de\/online-services\/\"><br \/>\n\t\t\t\t\t\t\t\t\t\tOnline-Services<br \/>\n\t\t\t\t\t\t\t\t\t\t\t<\/a>\n\t\t\t\t\t\t\t\t\t<\/li>\n<\/ul>\n<h2>Office Hours<\/h2>\n<p>\t\t\n<div class=\"wpdt-c row wpDataTableContainerSimpleTable wpDataTables wpDataTablesWrapper\"\n    >\n        <table id=\"wpdtSimpleTable-1\"\n           style=\"border-collapse:collapse;                   border-spacing:0px;\"\n           class=\"wpdtSimpleTable wpDataTable\"\n           data-column=\"2\"\n           data-rows=\"5\"\n           data-wpid=\"1\"\n           data-responsive=\"0\"\n           data-has-header=\"0\">\n\n                    <tbody>        <tr class=\"wpdt-cell-row\" >\n                                <td class=\"wpdt-cell wpdt-bold wpdt-tc-FFFFFF wpdt-bc-171B1E wpdt-align-left\"\n                                            data-cell-id=\"A1\"\n                    data-col-index=\"0\"\n                    data-row-index=\"0\"\n                    style=\" width:50%;                    padding:6px;                    \"\n                    >\n                                        Mo.                    <\/td>\n                                                <td class=\"wpdt-cell wpdt-tc-FFFFFF wpdt-bc-171B1E wpdt-align-left\"\n                                            data-cell-id=\"B1\"\n                    data-col-index=\"1\"\n                    data-row-index=\"0\"\n                    style=\" width:50%;                    padding:6px;                    \"\n                    >\n                                        08:30 - 13:00 Uhr                    <\/td>\n                                        <\/tr>\n                            <tr class=\"wpdt-cell-row\" >\n                                <td class=\"wpdt-cell wpdt-bold wpdt-tc-FFFFFF wpdt-bc-171B1E wpdt-align-left\"\n                                            data-cell-id=\"A2\"\n                    data-col-index=\"0\"\n                    data-row-index=\"1\"\n                    style=\"                    padding:6px;                    \"\n                    >\n                                        Di.                    <\/td>\n                                                <td class=\"wpdt-cell wpdt-tc-FFFFFF wpdt-bc-171B1E wpdt-align-left\"\n                                            data-cell-id=\"B2\"\n                    data-col-index=\"1\"\n                    data-row-index=\"1\"\n                    style=\"                    padding:6px;                    \"\n                    >\n                                        08:30 - 13:00 Uhr                    <\/td>\n                                        <\/tr>\n                            <tr class=\"wpdt-cell-row\" >\n                                <td class=\"wpdt-cell wpdt-bold wpdt-tc-FFFFFF wpdt-bc-171B1E wpdt-align-left\"\n                                            data-cell-id=\"A3\"\n                    data-col-index=\"0\"\n                    data-row-index=\"2\"\n                    style=\"                    padding:6px;                    \"\n                    >\n                                        Mi.                    <\/td>\n                                                <td class=\"wpdt-cell wpdt-tc-FFFFFF wpdt-bc-171B1E wpdt-align-left\"\n                                            data-cell-id=\"B3\"\n                    data-col-index=\"1\"\n                    data-row-index=\"2\"\n                    style=\"                    padding:6px;                    \"\n                    >\n                                        08:30 - 12:00 Uhr                    <\/td>\n                                        <\/tr>\n                            <tr class=\"wpdt-cell-row\" >\n                                <td class=\"wpdt-cell wpdt-bold wpdt-tc-FFFFFF wpdt-bc-171B1E wpdt-align-left\"\n                                            data-cell-id=\"A4\"\n                    data-col-index=\"0\"\n                    data-row-index=\"3\"\n                    style=\"                    padding:6px;                    \"\n                    >\n                                        Do.                    <\/td>\n                                                <td class=\"wpdt-cell wpdt-tc-FFFFFF wpdt-bc-171B1E wpdt-align-left\"\n                                            data-cell-id=\"B4\"\n                    data-col-index=\"1\"\n                    data-row-index=\"3\"\n                    style=\"                    padding:6px;                    \"\n                    >\n                                        08:30 - 13:00 Uhr 16:00 - 17:00 Uhr                    <\/td>\n                                        <\/tr>\n                            <tr class=\"wpdt-cell-row\" >\n                                <td class=\"wpdt-cell wpdt-bold wpdt-tc-FFFFFF wpdt-bc-171B1E wpdt-align-left\"\n                                            data-cell-id=\"A5\"\n                    data-col-index=\"0\"\n                    data-row-index=\"4\"\n                    style=\"                    padding:6px;                    \"\n                    >\n                                        Fr.                    <\/td>\n                                                <td class=\"wpdt-cell wpdt-tc-FFFFFF wpdt-bc-171B1E wpdt-align-left\"\n                                            data-cell-id=\"B5\"\n                    data-col-index=\"1\"\n                    data-row-index=\"4\"\n                    style=\"                    padding:6px;                    \"\n                    >\n                                        08:30 - 12:00 Uhr                    <\/td>\n                                        <\/tr>\n                    <\/table>\n<\/div><style id='wpdt-custom-style-1'>\n.wpDataTablesWrapper table.wpDataTable > tbody > tr > td{ border: none !important; }\n.wpDataTablesWrapper table.wpDataTable > thead > tr > th{ border: none !important; }\n.wpdt-tc-FFFFFF { color: #FFFFFF !important;}\n.wpdt-bc-171B1E { background-color: #171B1E !important;}\n<\/style>\n<style>\n                    \n                                                \n                \/* pagination background color *\/\n    .wpDataTablesWrapper .dataTables_paginate {\n        background-color:#00000000 !important;\n    }\n        <\/style>\n<br \/>\n\t\t\t<iframe frameborder=\"0\" scrolling=\"no\" marginheight=\"0\" marginwidth=\"0\"\n\t\t\t\t\tsrc=\"https:\/\/maps.google.com\/maps?q=Eberst%C3%A4dter%20Str.%205b%2C%2064367%20M%C3%BChltal&#038;t=m&#038;z=15&#038;output=embed&#038;iwloc=near\"\n\t\t\t\t\ttitle=\"Eberst\u00e4dter Str. 5b, 64367 M\u00fchltal\"\n\t\t\t\t\taria-label=\"Eberst\u00e4dter Str. 5b, 64367 M\u00fchltal\"\n\t\t\t><\/iframe><\/p>\n<p>\u00a9 2022, Dr. Ortwin Eisert.<\/p>\n<ul>\n<li>\n\t\t\t\t\t\t\t\t\t\t\t<a href=\"http:\/\/mcc-expert.de\/datenschutzerklaerung\/\"><br \/>\n\t\t\t\t\t\t\t\t\t\t\tPrivacy Policy<br \/>\n\t\t\t\t\t\t\t\t\t\t\t<\/a>\n\t\t\t\t\t\t\t\t\t<\/li>\n<li>\n\t\t\t\t\t\t\t\t\t\t\t<a href=\"http:\/\/mcc-expert.de\/impressum\/\"><br \/>\n\t\t\t\t\t\t\t\t\t\t\tImprint<br \/>\n\t\t\t\t\t\t\t\t\t\t\t<\/a>\n\t\t\t\t\t\t\t\t\t<\/li>\n<li>\n\t\t\t\t\t\t\t\t\t\t\t<a href=\"http:\/\/mcc-expert.de\/unsere-praxis\/\"><br \/>\n\t\t\t\t\t\t\t\t\t\t\tJob Offer<br \/>\n\t\t\t\t\t\t\t\t\t\t\t<\/a>\n\t\t\t\t\t\t\t\t\t<\/li>\n<\/ul>","protected":false},"excerpt":{"rendered":"<p>zur\u00fcck Allgemeine Leistungen F\u00fcr weitergehende Informationen w\u00e4hlen Sie die entsprechende Leistung aus. Nutzen Sie zur Terminvereinbarung unseren Online-Service und geben Sie die gew\u00fcnschte Leistung mit an. Sprechstunde Wir m\u00f6chten lange Wartezeiten vermeiden. Deshalb bitten wir Sie, \u00fcber unseren Online-Service ein Termin zu vereinbaren. In dringenden F\u00e4llen k\u00f6nnen Sie uns auch unter der Tel. 06151-14357 erreichen. [&hellip;]<\/p>\n","protected":false},"author":1,"featured_media":0,"parent":0,"menu_order":0,"comment_status":"closed","ping_status":"closed","template":"","meta":{"ocean_post_layout":"full-screen","ocean_both_sidebars_style":"","ocean_both_sidebars_content_width":0,"ocean_both_sidebars_sidebars_width":0,"ocean_sidebar":"0","ocean_second_sidebar":"0","ocean_disable_margins":"enable","ocean_add_body_class":"","ocean_shortcode_before_top_bar":"","ocean_shortcode_after_top_bar":"","ocean_shortcode_before_header":"","ocean_shortcode_after_header":"","ocean_has_shortcode":"","ocean_shortcode_after_title":"","ocean_shortcode_before_footer_widgets":"","ocean_shortcode_after_footer_widgets":"","ocean_shortcode_before_footer_bottom":"","ocean_shortcode_after_footer_bottom":"","ocean_display_top_bar":"off","ocean_display_header":"default","ocean_header_style":"","ocean_center_header_left_menu":"0","ocean_custom_header_template":"0","ocean_custom_logo":0,"ocean_custom_retina_logo":0,"ocean_custom_logo_max_width":0,"ocean_custom_logo_tablet_max_width":0,"ocean_custom_logo_mobile_max_width":0,"ocean_custom_logo_max_height":0,"ocean_custom_logo_tablet_max_height":0,"ocean_custom_logo_mobile_max_height":0,"ocean_header_custom_menu":"0","ocean_menu_typo_font_family":"0","ocean_menu_typo_font_subset":"","ocean_menu_typo_font_size":0,"ocean_menu_typo_font_size_tablet":0,"ocean_menu_typo_font_size_mobile":0,"ocean_menu_typo_font_size_unit":"px","ocean_menu_typo_font_weight":"","ocean_menu_typo_font_weight_tablet":"","ocean_menu_typo_font_weight_mobile":"","ocean_menu_typo_transform":"","ocean_menu_typo_transform_tablet":"","ocean_menu_typo_transform_mobile":"","ocean_menu_typo_line_height":0,"ocean_menu_typo_line_height_tablet":0,"ocean_menu_typo_line_height_mobile":0,"ocean_menu_typo_line_height_unit":"","ocean_menu_typo_spacing":0,"ocean_menu_typo_spacing_tablet":0,"ocean_menu_typo_spacing_mobile":0,"ocean_menu_typo_spacing_unit":"","ocean_menu_link_color":"","ocean_menu_link_color_hover":"","ocean_menu_link_color_active":"","ocean_menu_link_background":"","ocean_menu_link_hover_background":"","ocean_menu_link_active_background":"","ocean_menu_social_links_bg":"","ocean_menu_social_hover_links_bg":"","ocean_menu_social_links_color":"","ocean_menu_social_hover_links_color":"","ocean_disable_title":"on","ocean_disable_heading":"default","ocean_post_title":"","ocean_post_subheading":"","ocean_post_title_style":"","ocean_post_title_background_color":"","ocean_post_title_background":0,"ocean_post_title_bg_image_position":"","ocean_post_title_bg_image_attachment":"","ocean_post_title_bg_image_repeat":"","ocean_post_title_bg_image_size":"","ocean_post_title_height":0,"ocean_post_title_bg_overlay":0.5,"ocean_post_title_bg_overlay_color":"","ocean_disable_breadcrumbs":"default","ocean_breadcrumbs_color":"","ocean_breadcrumbs_separator_color":"","ocean_breadcrumbs_links_color":"","ocean_breadcrumbs_links_hover_color":"","ocean_display_footer_widgets":"off","ocean_display_footer_bottom":"off","ocean_custom_footer_template":"0","footnotes":""},"class_list":["post-305","page","type-page","status-publish","hentry","entry"],"_links":{"self":[{"href":"https:\/\/mcc-expert.com\/en\/wp-json\/wp\/v2\/pages\/305","targetHints":{"allow":["GET"]}}],"collection":[{"href":"https:\/\/mcc-expert.com\/en\/wp-json\/wp\/v2\/pages"}],"about":[{"href":"https:\/\/mcc-expert.com\/en\/wp-json\/wp\/v2\/types\/page"}],"author":[{"embeddable":true,"href":"https:\/\/mcc-expert.com\/en\/wp-json\/wp\/v2\/users\/1"}],"replies":[{"embeddable":true,"href":"https:\/\/mcc-expert.com\/en\/wp-json\/wp\/v2\/comments?post=305"}],"version-history":[{"count":143,"href":"https:\/\/mcc-expert.com\/en\/wp-json\/wp\/v2\/pages\/305\/revisions"}],"predecessor-version":[{"id":3017,"href":"https:\/\/mcc-expert.com\/en\/wp-json\/wp\/v2\/pages\/305\/revisions\/3017"}],"wp:attachment":[{"href":"https:\/\/mcc-expert.com\/en\/wp-json\/wp\/v2\/media?parent=305"}],"curies":[{"name":"wp","href":"https:\/\/api.w.org\/{rel}","templated":true}]}}