{"id":16,"date":"2021-07-06T20:36:46","date_gmt":"2021-07-06T18:36:46","guid":{"rendered":"http:\/\/mcc-expert.de\/?page_id=16"},"modified":"2025-06-11T17:00:38","modified_gmt":"2025-06-11T15:00:38","slug":"unsere-praxis","status":"publish","type":"page","link":"https:\/\/mcc-expert.com\/en\/unsere-praxis\/","title":{"rendered":"About Us"},"content":{"rendered":"<h2>MCC MEDICAL CARE CENTER &#8211; Ihre Praxis in M\u00fchltal<\/h2>\n<h2>About us<\/h2>\n<blockquote>\n<p>The needs and expectations of our patients are the orientation and benchmark for our actions. We strive for a high level of patient satisfaction. Dealing with our patients is characterized by empathy and medical competence, whereby we attach great importance to open communication and comprehensive patient information in the sense of a doctor-patient relationship based on partnership.<br \/>In the interests of our patients, we maintain collegial cooperation with specialists and clinics. Economic action is a necessity of every practice as a company. The medical success and the business results ensure the survival of our medical practices. We see an obligation in both.<\/p>\n<\/blockquote>\n<p><img decoding=\"async\" title=\"mcc-dr-eisert-beratung\" src=\"https:\/\/mcc-expert.com\/wp-content\/uploads\/elementor\/thumbs\/mcc-dr-eisert-beratung-pjtnyqiv3ivf0bt82fwyp014vecvb8fujwiktnnne4.jpg\" alt=\"mcc-dr-eisert-beratung\" \/><\/p>\n<p class=\"translation-block\">Our dedicated team welcomes you to our  general medical practice in <strong>Nieder-Ramstadt<\/strong>.<\/p>\n<p class=\"translation-block\">As a teaching practice in cooperation with the Goethe University in Frankfurt am Main and a practice for psychotherapeutic training analysis in cooperation with the Wiesbaden Academy for Psychotherapy GmbH, we are happy to open our doors to prospective doctors and psychotherapists. For this reason it can happen that you often experience new faces in our practice. In our practices, we offer the opportunity to gain experience in dealing with patients and to put the knowledge you have learned into practice and deepen it.\nDuring your visit, we will introduce you to our interns and would be pleased if you would support our teaching assignment and allow you to participate in your treatment. Of course, you can refuse this without giving reasons.<\/p>\n<p>If you are a student or trainee in a medical profession and would like to gain practical experience or are looking for a position for your clerkship, we encourage you to contact us by email. We would be happy to train you!<\/p>\n<h2>Das Team<\/h2>\n<p><img loading=\"lazy\" decoding=\"async\" src=\"https:\/\/mcc-expert.com\/wp-content\/uploads\/2023\/05\/Dr.-Ortwin-Eisert-o.-Hintergrund-211x300.png\" sizes=\"auto, (max-width: 211px) 100vw, 211px\" srcset=\"https:\/\/mcc-expert.com\/wp-content\/uploads\/2023\/05\/Dr.-Ortwin-Eisert-o.-Hintergrund-211x300.png 211w, https:\/\/mcc-expert.com\/wp-content\/uploads\/2023\/05\/Dr.-Ortwin-Eisert-o.-Hintergrund-8x12.png 8w, https:\/\/mcc-expert.com\/wp-content\/uploads\/2023\/05\/Dr.-Ortwin-Eisert-o.-Hintergrund.png 246w\" alt=\"\" width=\"211\" height=\"300\" \/><\/p>\n<h2>Dr. med. Ortwin Eisert<\/h2>\n<ul>\n<li>Study of human medicine in D\u00fcsseldorf, Frankfurt a.M. and Washington (USA)<\/li>\n<li>Study of naturopathy &amp; complementary medicine<\/li>\n<li>Head physician of the Nieder-Ramst\u00e4dter Diakonie (NRD) 1999 to 2016<\/li>\n<li>Specialist in general medicine and family medicine<\/li>\n<li>Additional training in palliative medicine &amp; psychotherapy<\/li>\n<li>Authorization to conduct skin cancer screening examinations<\/li>\n<li>Coordinating doctor DMP, coronary heart disease (CHD) and type 2 diabetes mellitus<\/li>\n<li>Expert for local court and health insurance<\/li>\n<li>Various lectureships at technical colleges and universities<\/li>\n<li>Psychotherapeutic supervision<\/li>\n<\/ul>\n<p><img loading=\"lazy\" decoding=\"async\" src=\"https:\/\/mcc-expert.com\/wp-content\/uploads\/2023\/05\/Naima-Leimbach-o.-Hintergrund-211x300.png\" sizes=\"auto, (max-width: 211px) 100vw, 211px\" srcset=\"https:\/\/mcc-expert.com\/wp-content\/uploads\/2023\/05\/Naima-Leimbach-o.-Hintergrund-211x300.png 211w, https:\/\/mcc-expert.com\/wp-content\/uploads\/2023\/05\/Naima-Leimbach-o.-Hintergrund-719x1024.png 719w, https:\/\/mcc-expert.com\/wp-content\/uploads\/2023\/05\/Naima-Leimbach-o.-Hintergrund-768x1093.png 768w, https:\/\/mcc-expert.com\/wp-content\/uploads\/2023\/05\/Naima-Leimbach-o.-Hintergrund-1079x1536.png 1079w, https:\/\/mcc-expert.com\/wp-content\/uploads\/2023\/05\/Naima-Leimbach-o.-Hintergrund-1439x2048.png 1439w, https:\/\/mcc-expert.com\/wp-content\/uploads\/2023\/05\/Naima-Leimbach-o.-Hintergrund-8x12.png 8w, https:\/\/mcc-expert.com\/wp-content\/uploads\/2023\/05\/Naima-Leimbach-o.-Hintergrund.png 1535w\" alt=\"\" width=\"211\" height=\"300\" \/><\/p>\n<h2>Naima Leimbach<\/h2>\n<ul>\n<li>Psychologist (M.Sc.)<\/li>\n<li>Psychotherapist in training<\/li>\n<li>Studied psychology at the Technical University of Darmstadt<\/li>\n<li>Training at the Wiesbaden Akademie f\u00fcr Psychotherapie GmbH<\/li>\n<li>Psychologist at Stiftung Waldm\u00fchle e.V., Rehaklinik f\u00fcr Suchtkranke Menschen 2017 to 2018<\/li>\n<li>Psychologist at Vitos Klinikum f\u00fcr Psychotherapie Heppenheim 2018 to 2019<\/li>\n<\/ul>\n<p><img loading=\"lazy\" decoding=\"async\" src=\"https:\/\/mcc-expert.com\/wp-content\/uploads\/2023\/05\/Dufour-ohne-hintergrund-225x300.png\" sizes=\"auto, (max-width: 225px) 100vw, 225px\" srcset=\"https:\/\/mcc-expert.com\/wp-content\/uploads\/2023\/05\/Dufour-ohne-hintergrund-225x300.png 225w, https:\/\/mcc-expert.com\/wp-content\/uploads\/2023\/05\/Dufour-ohne-hintergrund-9x12.png 9w, https:\/\/mcc-expert.com\/wp-content\/uploads\/2023\/05\/Dufour-ohne-hintergrund.png 768w\" alt=\"\" width=\"225\" height=\"300\" \/><\/p>\n<h2>Mirjam Dufour<\/h2>\n<ul>\n<li>Medical assistant\n<ul>\n<li>Praxismanagerin<\/li>\n<li>Patient organization<\/li>\n<li>Vaccinations<\/li>\n<li>Accounting<\/li>\n<li>Laboratory<\/li>\n<\/ul>\n<\/li>\n<\/ul>\n<p><img loading=\"lazy\" decoding=\"async\" src=\"https:\/\/mcc-expert.com\/wp-content\/uploads\/2023\/10\/A-Hilgert-265x300.png\" sizes=\"auto, (max-width: 265px) 100vw, 265px\" srcset=\"https:\/\/mcc-expert.com\/wp-content\/uploads\/2023\/10\/A-Hilgert-265x300.png 265w, https:\/\/mcc-expert.com\/wp-content\/uploads\/2023\/10\/A-Hilgert-11x12.png 11w, https:\/\/mcc-expert.com\/wp-content\/uploads\/2023\/10\/A-Hilgert.png 654w\" alt=\"\" width=\"265\" height=\"300\" \/><\/p>\n<h2>Amy Hilgert<\/h2>\n<ul>\n<li>Medical assistant in training\n<ul>\n<li>1. Lehrjahr<\/li>\n<\/ul>\n<\/li>\n<\/ul>\n<p><img loading=\"lazy\" decoding=\"async\" src=\"https:\/\/mcc-expert.com\/wp-content\/uploads\/2021\/07\/unbekannt-270x300.png\" sizes=\"auto, (max-width: 270px) 100vw, 270px\" srcset=\"https:\/\/mcc-expert.com\/wp-content\/uploads\/2021\/07\/unbekannt-270x300.png 270w, https:\/\/mcc-expert.com\/wp-content\/uploads\/2021\/07\/unbekannt.png 600w\" alt=\"\" width=\"270\" height=\"300\" \/><\/p>\n<h2>Cara Eisert<\/h2>\n<ul>\n<li>Human medicine student<\/li>\n<li>Paramedic<\/li>\n<li>Laboratory<\/li>\n<li>Patient organization<\/li>\n<\/ul>\n<h2><img loading=\"lazy\" decoding=\"async\" style=\"font-size: revert; color: #4a4a4a;\" src=\"https:\/\/mcc-expert.com\/wp-content\/uploads\/2022\/01\/we-are-hiring-3265073_1920-300x169.jpg\" sizes=\"auto, (max-width: 300px) 100vw, 300px\" srcset=\"https:\/\/mcc-expert.com\/wp-content\/uploads\/2022\/01\/we-are-hiring-3265073_1920-300x169.jpg 300w, https:\/\/mcc-expert.com\/wp-content\/uploads\/2022\/01\/we-are-hiring-3265073_1920-1024x576.jpg 1024w, https:\/\/mcc-expert.com\/wp-content\/uploads\/2022\/01\/we-are-hiring-3265073_1920-768x432.jpg 768w, https:\/\/mcc-expert.com\/wp-content\/uploads\/2022\/01\/we-are-hiring-3265073_1920-1536x864.jpg 1536w, https:\/\/mcc-expert.com\/wp-content\/uploads\/2022\/01\/we-are-hiring-3265073_1920-18x10.jpg 18w, https:\/\/mcc-expert.com\/wp-content\/uploads\/2022\/01\/we-are-hiring-3265073_1920.jpg 1920w\" alt=\"\" width=\"300\" height=\"169\" \/><\/h2>\n<div>\n<h2 class=\"break-words\" dir=\"auto\"><strong>Offene Ausbildungsstelle zum\/zur Medizinischen Fachangestellten (MFA) &#8211; m\/w\/d<\/strong><\/h2>\n<p class=\"break-words\" dir=\"auto\">Unsere Praxis bildet regelm\u00e4\u00dfig Menschen zur\/ zum Medizinischen Fachangestellten (MFA) aus und sucht engagierte Talente f\u00fcr unser Team. F\u00fcr den Herbst 2025 bieten wir derzeit eine <strong>Ausbildungsstelle zur\/ zum MFA<\/strong> an. Wenn Sie Interesse an einer fundierten Ausbildung im ambulanten medizinischen Bereich haben oder Erfahrungen als Rezeptionist:in mitbringen, freuen wir uns auf Ihre Bewerbung! Weitere Informationen erhalten Sie direkt in unserer Praxis (<a href=\"https:\/\/mcc-expert.com\/wp-content\/uploads\/2025\/06\/Aushang_3.pdf\">siehe Flyer<\/a>) oder per <a href=\"mailto:office@mcc-expert.com\">Mail<\/a>.<\/p>\n<p class=\"break-words\" dir=\"auto\">Bitte senden Sie Ihre Bewerbung oder Kontaktanfrage f\u00fcr ein pers\u00f6nliches Gespr\u00e4ch aus Nachhaltigkeitsgr\u00fcnden bevorzugt per <a href=\"mailto:office@mcc-expert.com\">Mail<\/a> an office@mcc-expert.com. Wir freuen uns auf Sie!<\/p>\n<\/div>\n<h2>Contact<\/h2>\n<ul>\n<li>MEDICAL CARE CENTER<br \/>Dr. Ortwin Eisert<br \/>Eberst\u00e4dter Str. 5b<br \/>64367 M\u00fchltal<\/li>\n<li>+49 6151 14357<\/li>\n<li>+49 6151 144854<\/li>\n<li>office@mcc-expert.com<a href=\"http:\/\/mcc-expert.de\/online-services\/\"><br \/><\/a><\/li>\n<li><a href=\"http:\/\/mcc-expert.de\/online-services\/\">Online-Services<br \/><\/a><\/li>\n<\/ul>\n<h2>Office Hours<\/h2>\n<p>\n<div class=\"wpdt-c row wpDataTableContainerSimpleTable wpDataTables wpDataTablesWrapper\"\n    >\n        <table id=\"wpdtSimpleTable-1\"\n           style=\"border-collapse:collapse;                   border-spacing:0px;\"\n           class=\"wpdtSimpleTable wpDataTable\"\n           data-column=\"2\"\n           data-rows=\"5\"\n           data-wpid=\"1\"\n           data-responsive=\"0\"\n           data-has-header=\"0\">\n\n                    <tbody>        <tr class=\"wpdt-cell-row\" >\n                                <td class=\"wpdt-cell wpdt-bold wpdt-tc-FFFFFF wpdt-bc-171B1E wpdt-align-left\"\n                                            data-cell-id=\"A1\"\n                    data-col-index=\"0\"\n                    data-row-index=\"0\"\n                    style=\" width:50%;                    padding:6px;                    \"\n                    >\n                                        Mo.                    <\/td>\n                                                <td class=\"wpdt-cell wpdt-tc-FFFFFF wpdt-bc-171B1E wpdt-align-left\"\n                                            data-cell-id=\"B1\"\n                    data-col-index=\"1\"\n                    data-row-index=\"0\"\n                    style=\" width:50%;                    padding:6px;                    \"\n                    >\n                                        08:30 - 13:00 Uhr                    <\/td>\n                                        <\/tr>\n                            <tr class=\"wpdt-cell-row\" >\n                                <td class=\"wpdt-cell wpdt-bold wpdt-tc-FFFFFF wpdt-bc-171B1E wpdt-align-left\"\n                                            data-cell-id=\"A2\"\n                    data-col-index=\"0\"\n                    data-row-index=\"1\"\n                    style=\"                    padding:6px;                    \"\n                    >\n                                        Di.                    <\/td>\n                                                <td class=\"wpdt-cell wpdt-tc-FFFFFF wpdt-bc-171B1E wpdt-align-left\"\n                                            data-cell-id=\"B2\"\n                    data-col-index=\"1\"\n                    data-row-index=\"1\"\n                    style=\"                    padding:6px;                    \"\n                    >\n                                        08:30 - 13:00 Uhr                    <\/td>\n                                        <\/tr>\n                            <tr class=\"wpdt-cell-row\" >\n                                <td class=\"wpdt-cell wpdt-bold wpdt-tc-FFFFFF wpdt-bc-171B1E wpdt-align-left\"\n                                            data-cell-id=\"A3\"\n                    data-col-index=\"0\"\n                    data-row-index=\"2\"\n                    style=\"                    padding:6px;                    \"\n                    >\n                                        Mi.                    <\/td>\n                                                <td class=\"wpdt-cell wpdt-tc-FFFFFF wpdt-bc-171B1E wpdt-align-left\"\n                                            data-cell-id=\"B3\"\n                    data-col-index=\"1\"\n                    data-row-index=\"2\"\n                    style=\"                    padding:6px;                    \"\n                    >\n                                        08:30 - 12:00 Uhr                    <\/td>\n                                        <\/tr>\n                            <tr class=\"wpdt-cell-row\" >\n                                <td class=\"wpdt-cell wpdt-bold wpdt-tc-FFFFFF wpdt-bc-171B1E wpdt-align-left\"\n                                            data-cell-id=\"A4\"\n                    data-col-index=\"0\"\n                    data-row-index=\"3\"\n                    style=\"                    padding:6px;                    \"\n                    >\n                                        Do.                    <\/td>\n                                                <td class=\"wpdt-cell wpdt-tc-FFFFFF wpdt-bc-171B1E wpdt-align-left\"\n                                            data-cell-id=\"B4\"\n                    data-col-index=\"1\"\n                    data-row-index=\"3\"\n                    style=\"                    padding:6px;                    \"\n                    >\n                                        08:30 - 13:00 Uhr 16:00 - 17:00 Uhr                    <\/td>\n                                        <\/tr>\n                            <tr class=\"wpdt-cell-row\" >\n                                <td class=\"wpdt-cell wpdt-bold wpdt-tc-FFFFFF wpdt-bc-171B1E wpdt-align-left\"\n                                            data-cell-id=\"A5\"\n                    data-col-index=\"0\"\n                    data-row-index=\"4\"\n                    style=\"                    padding:6px;                    \"\n                    >\n                                        Fr.                    <\/td>\n                                                <td class=\"wpdt-cell wpdt-tc-FFFFFF wpdt-bc-171B1E wpdt-align-left\"\n                                            data-cell-id=\"B5\"\n                    data-col-index=\"1\"\n                    data-row-index=\"4\"\n                    style=\"                    padding:6px;                    \"\n                    >\n                                        08:30 - 12:00 Uhr                    <\/td>\n                                        <\/tr>\n                    <\/table>\n<\/div><style id='wpdt-custom-style-1'>\n.wpDataTablesWrapper table.wpDataTable > tbody > tr > td{ border: none !important; }\n.wpDataTablesWrapper table.wpDataTable > thead > tr > th{ border: none !important; }\n.wpdt-tc-FFFFFF { color: #FFFFFF !important;}\n.wpdt-bc-171B1E { background-color: #171B1E !important;}\n<\/style>\n<style>\n                    \n                                                \n                \/* pagination background color *\/\n    .wpDataTablesWrapper .dataTables_paginate {\n        background-color:#00000000 !important;\n    }\n        <\/style>\n<br \/><iframe title=\"Eberst\u00e4dter Str. 5b, 64367 M\u00fchltal\" src=\"https:\/\/maps.google.com\/maps?q=Eberst%C3%A4dter%20Str.%205b%2C%2064367%20M%C3%BChltal&amp;t=m&amp;z=15&amp;output=embed&amp;iwloc=near\" aria-label=\"Eberst\u00e4dter Str. 5b, 64367 M\u00fchltal\"><\/iframe><\/p>\n<p>\u00a9 2025, Dr. Ortwin Eisert.<\/p>\n<ul>\n<li><a href=\"http:\/\/mcc-expert.de\/datenschutzerklaerung\/\">Privacy Policy<br \/><\/a><\/li>\n<li><a href=\"http:\/\/mcc-expert.de\/impressum\/\">Imprint<br \/><\/a><\/li>\n<li><a href=\"http:\/\/mcc-expert.de\/unsere-praxis\/\">Job Offer<br \/><\/a><\/li>\n<\/ul>\n\n\n<p><\/p>","protected":false},"excerpt":{"rendered":"<p>MCC MEDICAL CARE CENTER &#8211; Ihre Praxis in M\u00fchltal \u00dcber Uns Die Bed\u00fcrfnisse und Erwartungen unserer Patienten sind Orientierung und Ma\u00dfstab f\u00fcr unser Handeln. Wir streben eine hohe Patientenzufriedenheit an. Der Umgang mit unseren Patienten ist gepr\u00e4gt von Empathie und medizinischer Kompetenz, wobei wir gro\u00dfen Wert auf eine offene Kommunikation und umfassende Patienteninformation im Sinne [&hellip;]<\/p>\n","protected":false},"author":2,"featured_media":1669,"parent":0,"menu_order":0,"comment_status":"closed","ping_status":"closed","template":"","meta":{"ocean_post_layout":"full-screen","ocean_both_sidebars_style":"","ocean_both_sidebars_content_width":0,"ocean_both_sidebars_sidebars_width":0,"ocean_sidebar":"0","ocean_second_sidebar":"0","ocean_disable_margins":"enable","ocean_add_body_class":"","ocean_shortcode_before_top_bar":"","ocean_shortcode_after_top_bar":"","ocean_shortcode_before_header":"","ocean_shortcode_after_header":"","ocean_has_shortcode":"","ocean_shortcode_after_title":"","ocean_shortcode_before_footer_widgets":"","ocean_shortcode_after_footer_widgets":"","ocean_shortcode_before_footer_bottom":"","ocean_shortcode_after_footer_bottom":"","ocean_display_top_bar":"off","ocean_display_header":"default","ocean_header_style":"","ocean_center_header_left_menu":"0","ocean_custom_header_template":"0","ocean_custom_logo":0,"ocean_custom_retina_logo":0,"ocean_custom_logo_max_width":0,"ocean_custom_logo_tablet_max_width":0,"ocean_custom_logo_mobile_max_width":0,"ocean_custom_logo_max_height":0,"ocean_custom_logo_tablet_max_height":0,"ocean_custom_logo_mobile_max_height":0,"ocean_header_custom_menu":"0","ocean_menu_typo_font_family":"0","ocean_menu_typo_font_subset":"","ocean_menu_typo_font_size":0,"ocean_menu_typo_font_size_tablet":0,"ocean_menu_typo_font_size_mobile":0,"ocean_menu_typo_font_size_unit":"px","ocean_menu_typo_font_weight":"","ocean_menu_typo_font_weight_tablet":"","ocean_menu_typo_font_weight_mobile":"","ocean_menu_typo_transform":"","ocean_menu_typo_transform_tablet":"","ocean_menu_typo_transform_mobile":"","ocean_menu_typo_line_height":0,"ocean_menu_typo_line_height_tablet":0,"ocean_menu_typo_line_height_mobile":0,"ocean_menu_typo_line_height_unit":"","ocean_menu_typo_spacing":0,"ocean_menu_typo_spacing_tablet":0,"ocean_menu_typo_spacing_mobile":0,"ocean_menu_typo_spacing_unit":"","ocean_menu_link_color":"","ocean_menu_link_color_hover":"","ocean_menu_link_color_active":"","ocean_menu_link_background":"","ocean_menu_link_hover_background":"","ocean_menu_link_active_background":"","ocean_menu_social_links_bg":"","ocean_menu_social_hover_links_bg":"","ocean_menu_social_links_color":"","ocean_menu_social_hover_links_color":"","ocean_disable_title":"on","ocean_disable_heading":"default","ocean_post_title":"","ocean_post_subheading":"","ocean_post_title_style":"","ocean_post_title_background_color":"","ocean_post_title_background":0,"ocean_post_title_bg_image_position":"","ocean_post_title_bg_image_attachment":"","ocean_post_title_bg_image_repeat":"","ocean_post_title_bg_image_size":"","ocean_post_title_height":0,"ocean_post_title_bg_overlay":0.5,"ocean_post_title_bg_overlay_color":"","ocean_disable_breadcrumbs":"default","ocean_breadcrumbs_color":"","ocean_breadcrumbs_separator_color":"","ocean_breadcrumbs_links_color":"","ocean_breadcrumbs_links_hover_color":"","ocean_display_footer_widgets":"off","ocean_display_footer_bottom":"off","ocean_custom_footer_template":"0","footnotes":""},"class_list":["post-16","page","type-page","status-publish","has-post-thumbnail","hentry","entry","has-media"],"_links":{"self":[{"href":"https:\/\/mcc-expert.com\/en\/wp-json\/wp\/v2\/pages\/16","targetHints":{"allow":["GET"]}}],"collection":[{"href":"https:\/\/mcc-expert.com\/en\/wp-json\/wp\/v2\/pages"}],"about":[{"href":"https:\/\/mcc-expert.com\/en\/wp-json\/wp\/v2\/types\/page"}],"author":[{"embeddable":true,"href":"https:\/\/mcc-expert.com\/en\/wp-json\/wp\/v2\/users\/2"}],"replies":[{"embeddable":true,"href":"https:\/\/mcc-expert.com\/en\/wp-json\/wp\/v2\/comments?post=16"}],"version-history":[{"count":299,"href":"https:\/\/mcc-expert.com\/en\/wp-json\/wp\/v2\/pages\/16\/revisions"}],"predecessor-version":[{"id":3666,"href":"https:\/\/mcc-expert.com\/en\/wp-json\/wp\/v2\/pages\/16\/revisions\/3666"}],"wp:featuredmedia":[{"embeddable":true,"href":"https:\/\/mcc-expert.com\/en\/wp-json\/wp\/v2\/media\/1669"}],"wp:attachment":[{"href":"https:\/\/mcc-expert.com\/en\/wp-json\/wp\/v2\/media?parent=16"}],"curies":[{"name":"wp","href":"https:\/\/api.w.org\/{rel}","templated":true}]}}